{"id":35,"date":"2017-10-09T16:24:47","date_gmt":"2017-10-09T14:24:47","guid":{"rendered":"http:\/\/loewetv.de\/loewetv\/?page_id=35"},"modified":"2025-06-05T15:50:49","modified_gmt":"2025-06-05T13:50:49","slug":"redaktion","status":"publish","type":"page","link":"https:\/\/loewetv.de\/loewetv\/redaktion\/","title":{"rendered":"Redaktion"},"content":{"rendered":"\n<p><strong>Geschichten. &nbsp;&nbsp;&nbsp;&nbsp;investigativ &amp; informativ. &nbsp;&nbsp;&nbsp;&nbsp;bildstark &amp; emotional. &nbsp; &nbsp; Fernsehen, das fesselt.<br><\/strong><br>Seit drei Jahrzehnten sind wir leidenschaftliche Geschichtenerz\u00e4hler, die Reportagen, Dokumentationen und Serien f\u00fcr das Fernsehen produzieren. Unsere Filme sind so einzigartig wie die Menschen, von denen sie handeln. Denn jeder Mensch hat eine spannende Geschichte zu erz\u00e4hlen: Seine Geschichte.<\/p>\n\n\n\n<p>Unser kreatives und engagiertes Team arbeitet mit viel Liebe zum Detail, um faszinierende Einblicke in die unterschiedlichsten Themen zu bieten. Ob gesellschaftliche, kulturelle oder historische Themen \u2013 wir setzen Ideen professionell und authentisch um.<br>Wir finden Themen abseits ausgetretener Pfade und sind damit immer am Puls der Zeit. Nah am Menschen, spannend und zugleich informativ \u2013 das ist unser Verst\u00e4ndnis von modernem Fernsehen. Wir &nbsp;produzieren facettenreiche und bildstarke Reportagen, Dokumentationen, Features und Magazinbeitr\u00e4ge f\u00fcr alle deutschsprachigen Fernsehsender.&nbsp;<strong>L\u00d6WE TV&nbsp;<\/strong>steht nicht nur f\u00fcr tiefgr\u00fcndig recherchierte und originell verarbeitete Beitr\u00e4ge, sondern auch f\u00fcr Ideenreichtum bei der Entwicklung neuer Sendeformate.<\/p>\n","protected":false},"excerpt":{"rendered":"<p>Geschichten. &nbsp;&nbsp;&nbsp;&nbsp;investigativ &amp; informativ. &nbsp;&nbsp;&nbsp;&nbsp;bildstark &amp; emotional. &nbsp; &nbsp; Fernsehen, das fesselt.Seit drei Jahrzehnten sind wir leidenschaftliche Geschichtenerz\u00e4hler, die Reportagen, Dokumentationen und Serien f\u00fcr das Fernsehen produzieren. Unsere Filme sind so einzigartig wie die Menschen, von denen sie handeln. Denn jeder Mensch hat eine spannende Geschichte zu erz\u00e4hlen: Seine Geschichte. Unser kreatives und engagiertes Team [&hellip;]<\/p>\n","protected":false},"author":1,"featured_media":0,"parent":0,"menu_order":0,"comment_status":"closed","ping_status":"closed","template":"","meta":{"footnotes":""},"class_list":["post-35","page","type-page","status-publish","hentry"],"_links":{"self":[{"href":"https:\/\/loewetv.de\/loewetv\/wp-json\/wp\/v2\/pages\/35","targetHints":{"allow":["GET"]}}],"collection":[{"href":"https:\/\/loewetv.de\/loewetv\/wp-json\/wp\/v2\/pages"}],"about":[{"href":"https:\/\/loewetv.de\/loewetv\/wp-json\/wp\/v2\/types\/page"}],"author":[{"embeddable":true,"href":"https:\/\/loewetv.de\/loewetv\/wp-json\/wp\/v2\/users\/1"}],"replies":[{"embeddable":true,"href":"https:\/\/loewetv.de\/loewetv\/wp-json\/wp\/v2\/comments?post=35"}],"version-history":[{"count":10,"href":"https:\/\/loewetv.de\/loewetv\/wp-json\/wp\/v2\/pages\/35\/revisions"}],"predecessor-version":[{"id":1376,"href":"https:\/\/loewetv.de\/loewetv\/wp-json\/wp\/v2\/pages\/35\/revisions\/1376"}],"wp:attachment":[{"href":"https:\/\/loewetv.de\/loewetv\/wp-json\/wp\/v2\/media?parent=35"}],"curies":[{"name":"wp","href":"https:\/\/api.w.org\/{rel}","templated":true}]}}