{"id":48,"date":"2017-10-09T16:23:51","date_gmt":"2017-10-09T14:23:51","guid":{"rendered":"http:\/\/loewetv.de\/loewetv\/?page_id=48"},"modified":"2026-01-28T17:20:18","modified_gmt":"2026-01-28T16:20:18","slug":"impressum","status":"publish","type":"page","link":"https:\/\/loewetv.de\/loewetv\/impressum\/","title":{"rendered":"Impressum"},"content":{"rendered":"<p>Impressum<br \/>\nVerantwortlich f\u00fcr Wort und Bild<br \/>\nL\u00d6WE TV Film- und Fernsehproduktion GmbH<br \/>\nAltenburger Stra\u00dfe 9<br \/>\n04275 Leipzig<br \/>\nTel.: 0341\/3500-32 40<br \/>\nFax: 0341\/3500-32 59<br \/>\nGesch\u00e4ftsf\u00fchrer: Ingo L\u00f6we<br \/>\nUst-ID-Nr.: DE 179046753<br \/>\nAmtsgericht Leipzig: HRB 11464<\/p>\n<p><strong>Urheberrecht<\/strong><br \/>\nDie Inhalte und Programme dieser Website sind durch uns urheberrechtlich gesch\u00fctzt. Alle Rechte daran behalten wir uns vor. Teile dieser Website k\u00f6nnen Bilder, Texte oder Sounds beinhalten, die dem Urheberrecht Dritter unterliegen. Die Urheberrechtshinweise in diesen F\u00e4llen sind an entsprechenden Stellen vermerkt. Informationen auf dieser Website, einschlie\u00dflich Texten, Bildern und Sound, d\u00fcrfen nicht, sofern nicht ausdr\u00fccklich anders bestimmt, ohne schriftliche Genehmigung des Herausgebers vervielf\u00e4ltigt, transferiert, vertrieben oder gespeichert werden. Modifikationen des Inhalts dieser Website sind ausdr\u00fccklich untersagt.<br \/>\n<strong>Datenschutz<\/strong><br \/>\nDer Schutz pers\u00f6nlicher Daten und deren vertrauliche Behandlung ist ein gro\u00dfes Anliegen der L\u00d6WE TV Film- und Fernsehproduktion GmbH. Wir m\u00f6chten daher erkl\u00e4ren, welche Daten wir erfassen und wie diese Daten bearbeitet und gespeichert werden.<br \/>\n<strong>Art der beim Besuch dieses Internet-Auftrittes gesammelten Informationen<\/strong><br \/>\nWir erheben Daten \u00fcber die Zahl der Besucher auf unserer Website sowie \u00fcber die Seiten, die sie besuchen. Im Einzelnen wird bei jedem Abruf der Name der Datei, Datum und Uhrzeit des Abrufs, die \u00fcbertragene Datenmenge, der verwendete Browser und die IP-Adresse, \u00fcber die Sie auf unseren Internet-Auftritt zugreifen, gespeichert. Diese Informationen geben uns Aufschluss \u00fcber allgemeine Interessen und \u00fcber die Pr\u00e4ferenzen unserer Besucher. Die Daten sind nicht personenbezogen, sondern nur allgemeiner, statistischer Natur. Wir nutzen diese Daten lediglich, um festzustellen, welcher Teil unseres Auftrittes allgemeines Interesse findet. Die L\u00d6WE TV Film- und Fernsehproduktion GmbH erstellt keine Nutzerprofile!<br \/>\n<strong>Externe Links<\/strong><br \/>\nMit Urteil vom 12. Mai 1998 &#8211; 312 O 85\/98 &#8211; &#8222;Haftung f\u00fcr Links&#8220; hat das Landgericht (LG) Hamburg entschieden, dass man durch die Anbringung eines Links, die Inhalte der verlinkten Seite ggf. mit zu verantworten hat. Dies kann &#8211; so das LG &#8211; nur dadurch verhindert werden, dass man sich ausdr\u00fccklich von diesen Inhalten distanziert. Hiermit distanzieren wir uns ausdr\u00fccklich von allen Inhalten aller verlinkten Seiten auf unserer Homepage und machen uns diese Inhalte nicht zu eigen. Diese Erkl\u00e4rung gilt f\u00fcr alle in diesem Projekt (auf dieser Website) angebrachten Links.<br \/>\n<strong>Haftungsausschluss<\/strong><br \/>\nDie Informationen auf dieser Website verstehen sich als &#8222;Aussagen an sich&#8220; ohne implizite Garantien jedweder Art. Die bereitgestellten Informationen auf dieser Website wurden sorgf\u00e4ltig gepr\u00fcft und werden regelm\u00e4\u00dfig aktualisiert. Jedoch kann keine Garantie daf\u00fcr \u00fcbernommen werden, dass alle Angaben zu jeder Zeit vollst\u00e4ndig, richtig und in letzter Aktualit\u00e4t dargestellt sind. Dies gilt insbesondere f\u00fcr alle Verbindungen (&#8222;Links&#8220;) zu anderen Web Sites, auf die direkt oder indirekt verwiesen wird. Alle Angaben k\u00f6nnen ohne vorherige Ank\u00fcndigung erg\u00e4nzt, entfernt oder ge\u00e4ndert werden. Au\u00dferdem liegt es nicht in unserer Verantwortung, Vorsichtsma\u00dfnahmen zu ergreifen gegen destruktive Programme oder Programmteile wie Viren, Worms, Trojanische Pferde o.\u00e4., die auf Webservern liegen, die m\u00f6glicherweise durch Links von unserer Website aus erreicht werden.<\/p>\n","protected":false},"excerpt":{"rendered":"<p>Impressum Verantwortlich f\u00fcr Wort und Bild L\u00d6WE TV Film- und Fernsehproduktion GmbH Altenburger Stra\u00dfe 9 04275 Leipzig Tel.: 0341\/3500-32 40 Fax: 0341\/3500-32 59 Gesch\u00e4ftsf\u00fchrer: Ingo L\u00f6we Ust-ID-Nr.: DE 179046753 Amtsgericht Leipzig: HRB 11464 Urheberrecht Die Inhalte und Programme dieser Website sind durch uns urheberrechtlich gesch\u00fctzt. Alle Rechte daran behalten wir uns vor. Teile dieser Website [&hellip;]<\/p>\n","protected":false},"author":1,"featured_media":0,"parent":0,"menu_order":0,"comment_status":"closed","ping_status":"closed","template":"","meta":{"footnotes":""},"class_list":["post-48","page","type-page","status-publish","hentry"],"_links":{"self":[{"href":"https:\/\/loewetv.de\/loewetv\/wp-json\/wp\/v2\/pages\/48","targetHints":{"allow":["GET"]}}],"collection":[{"href":"https:\/\/loewetv.de\/loewetv\/wp-json\/wp\/v2\/pages"}],"about":[{"href":"https:\/\/loewetv.de\/loewetv\/wp-json\/wp\/v2\/types\/page"}],"author":[{"embeddable":true,"href":"https:\/\/loewetv.de\/loewetv\/wp-json\/wp\/v2\/users\/1"}],"replies":[{"embeddable":true,"href":"https:\/\/loewetv.de\/loewetv\/wp-json\/wp\/v2\/comments?post=48"}],"version-history":[{"count":5,"href":"https:\/\/loewetv.de\/loewetv\/wp-json\/wp\/v2\/pages\/48\/revisions"}],"predecessor-version":[{"id":1426,"href":"https:\/\/loewetv.de\/loewetv\/wp-json\/wp\/v2\/pages\/48\/revisions\/1426"}],"wp:attachment":[{"href":"https:\/\/loewetv.de\/loewetv\/wp-json\/wp\/v2\/media?parent=48"}],"curies":[{"name":"wp","href":"https:\/\/api.w.org\/{rel}","templated":true}]}}